{"id":12703,"date":"2026-02-07T09:05:06","date_gmt":"2026-02-07T09:05:06","guid":{"rendered":"https:\/\/bellenubiancanada.com\/produit\/belle-nubian-body-scrub-kit\/"},"modified":"2026-02-07T09:05:06","modified_gmt":"2026-02-07T09:05:06","slug":"belle-nubian-body-scrub-kit","status":"publish","type":"product","link":"https:\/\/bellenubiancanada.com\/en\/product\/belle-nubian-body-scrub-kit\/","title":{"rendered":"Belle Nubian Body Scrub Kit"},"content":{"rendered":"<h2 class=\"mb-2 mt-4 [.has-inline-images_&amp;]:clear-end font-sans visRefresh2026AnswerSerif:font-editorial font-semimedium visRefresh2026Fonts:font-bold text-base first:mt-0\">A complete ritual for smooth, even and radiant skin<\/h2>\n<p class=\"my-2 [&amp;+p]:mt-4 [&amp;_strong:has(+br)]:inline-block [&amp;_strong:has(+br)]:pb-2\">Do you dream of skin as soft as after a spa treatment, a more even complexion and skin that catches the light? With the Belle Nubian Body Scrub Kit, transform your shower into a true beauty ritual. This kit combines three complementary essentials to smooth, exfoliate, treat blemishes and enhance your skin&#8217;s radiance:  <\/p>\n<ul class=\"marker:text-quiet list-disc\">\n<li class=\"py-0 my-0 prose-p:pt-0 prose-p:mb-2 prose-p:my-0 [&amp;&gt;p]:pt-0 [&amp;&gt;p]:mb-2 [&amp;&gt;p]:my-0\">\n<p class=\"my-2 [&amp;+p]:mt-4 [&amp;_strong:has(+br)]:inline-block [&amp;_strong:has(+br)]:pb-2\">Hammam exfoliating glove<\/p>\n<\/li>\n<li class=\"py-0 my-0 prose-p:pt-0 prose-p:mb-2 prose-p:my-0 [&amp;&gt;p]:pt-0 [&amp;&gt;p]:mb-2 [&amp;&gt;p]:my-0\">\n<p class=\"my-2 [&amp;+p]:mt-4 [&amp;_strong:has(+br)]:inline-block [&amp;_strong:has(+br)]:pb-2\">Lemon &amp; Turmeric Body Scrub<\/p>\n<\/li>\n<li class=\"py-0 my-0 prose-p:pt-0 prose-p:mb-2 prose-p:my-0 [&amp;&gt;p]:pt-0 [&amp;&gt;p]:mb-2 [&amp;&gt;p]:my-0\">\n<p class=\"my-2 [&amp;+p]:mt-4 [&amp;_strong:has(+br)]:inline-block [&amp;_strong:has(+br)]:pb-2\">Organic moisturising body oil to prevent stretch marks<\/p>\n<\/li>\n<\/ul>\n<p class=\"my-2 [&amp;+p]:mt-4 [&amp;_strong:has(+br)]:inline-block [&amp;_strong:has(+br)]:pb-2\">Ideal for dull, rough skin prone to dark spots, ingrown hairs or strawberry legs.<\/p>\n<hr class=\"bg-subtle h-px border-0\">\n<h2 class=\"mb-2 mt-4 [.has-inline-images_&amp;]:clear-end font-sans visRefresh2026AnswerSerif:font-editorial font-semimedium visRefresh2026Fonts:font-bold text-base first:mt-0\">What&#8217;s in the Belle Nubian Exfoliating Kit<\/h2>\n<p class=\"my-2 [&amp;+p]:mt-4 [&amp;_strong:has(+br)]:inline-block [&amp;_strong:has(+br)]:pb-2\"><strong>1. Belle Nubian Hammam Exfoliating Glove<\/strong><br \/>\nTreat yourself to a spa-worthy treatment without leaving your bathroom. This exfoliating glove effectively removes dead skin cells to reveal smoother, softer and more radiant skin. <\/p>\n<ul class=\"marker:text-quiet list-disc\">\n<li class=\"py-0 my-0 prose-p:pt-0 prose-p:mb-2 prose-p:my-0 [&amp;&gt;p]:pt-0 [&amp;&gt;p]:mb-2 [&amp;&gt;p]:my-0\">\n<p class=\"my-2 [&amp;+p]:mt-4 [&amp;_strong:has(+br)]:inline-block [&amp;_strong:has(+br)]:pb-2\">Smoothes the skin and softens rough areas (knees, elbows, legs).<\/p>\n<\/li>\n<li class=\"py-0 my-0 prose-p:pt-0 prose-p:mb-2 prose-p:my-0 [&amp;&gt;p]:pt-0 [&amp;&gt;p]:mb-2 [&amp;&gt;p]:my-0\">\n<p class=\"my-2 [&amp;+p]:mt-4 [&amp;_strong:has(+br)]:inline-block [&amp;_strong:has(+br)]:pb-2\">Helps prepare the skin to better receive the scrub and oil.<\/p>\n<\/li>\n<li class=\"py-0 my-0 prose-p:pt-0 prose-p:mb-2 prose-p:my-0 [&amp;&gt;p]:pt-0 [&amp;&gt;p]:mb-2 [&amp;&gt;p]:my-0\">\n<p class=\"my-2 [&amp;+p]:mt-4 [&amp;_strong:has(+br)]:inline-block [&amp;_strong:has(+br)]:pb-2\">Visible results from the very first use: silkier, more radiant skin.<\/p>\n<\/li>\n<\/ul>\n<p class=\"my-2 [&amp;+p]:mt-4 [&amp;_strong:has(+br)]:inline-block [&amp;_strong:has(+br)]:pb-2\"><strong>2. Lemon &amp; Turmeric Body Scrub<\/strong><br \/>\nSay goodbye to dark spots, ingrown hairs and strawberry legs with Belle Nubian&#8217;s Lemon &amp; Turmeric Body Scrub. This lemon and turmeric duo gently exfoliates, helps brighten the complexion and leaves the skin incredibly soft. <\/p>\n<ul class=\"marker:text-quiet list-disc\">\n<li class=\"py-0 my-0 prose-p:pt-0 prose-p:mb-2 prose-p:my-0 [&amp;&gt;p]:pt-0 [&amp;&gt;p]:mb-2 [&amp;&gt;p]:my-0\">\n<p class=\"my-2 [&amp;+p]:mt-4 [&amp;_strong:has(+br)]:inline-block [&amp;_strong:has(+br)]:pb-2\">Brightening action: helps reduce dark spots, discolouration and imperfections for a more even complexion.<\/p>\n<\/li>\n<li class=\"py-0 my-0 prose-p:pt-0 prose-p:mb-2 prose-p:my-0 [&amp;&gt;p]:pt-0 [&amp;&gt;p]:mb-2 [&amp;&gt;p]:my-0\">\n<p class=\"my-2 [&amp;+p]:mt-4 [&amp;_strong:has(+br)]:inline-block [&amp;_strong:has(+br)]:pb-2\">Gentle exfoliation: removes dead skin cells and ingrown hairs, smoothes skin texture.<\/p>\n<\/li>\n<li class=\"py-0 my-0 prose-p:pt-0 prose-p:mb-2 prose-p:my-0 [&amp;&gt;p]:pt-0 [&amp;&gt;p]:mb-2 [&amp;&gt;p]:my-0\">\n<p class=\"my-2 [&amp;+p]:mt-4 [&amp;_strong:has(+br)]:inline-block [&amp;_strong:has(+br)]:pb-2\">Antibacterial action: turmeric purifies and helps prevent blemishes.<\/p>\n<\/li>\n<li class=\"py-0 my-0 prose-p:pt-0 prose-p:mb-2 prose-p:my-0 [&amp;&gt;p]:pt-0 [&amp;&gt;p]:mb-2 [&amp;&gt;p]:my-0\">\n<p class=\"my-2 [&amp;+p]:mt-4 [&amp;_strong:has(+br)]:inline-block [&amp;_strong:has(+br)]:pb-2\">Hydration and comfort: vitamin E and jojoba oil nourish and soothe the skin.<\/p>\n<\/li>\n<li class=\"py-0 my-0 prose-p:pt-0 prose-p:mb-2 prose-p:my-0 [&amp;&gt;p]:pt-0 [&amp;&gt;p]:mb-2 [&amp;&gt;p]:my-0\">\n<p class=\"my-2 [&amp;+p]:mt-4 [&amp;_strong:has(+br)]:inline-block [&amp;_strong:has(+br)]:pb-2\">Tone and radiance: lemon tightens the appearance of pores and brightens the complexion.<\/p>\n<\/li>\n<\/ul>\n<p class=\"my-2 [&amp;+p]:mt-4 [&amp;_strong:has(+br)]:inline-block [&amp;_strong:has(+br)]:pb-2\">Star ingredients:<br \/>\nTurmeric (antibacterial, brightening, antioxidant), lemon (astringent, toning), jojoba oil (moisturising, soothing), ginger extract (stimulates circulation, healthy glow effect).<\/p>\n<p class=\"my-2 [&amp;+p]:mt-4 [&amp;_strong:has(+br)]:inline-block [&amp;_strong:has(+br)]:pb-2\"><strong>3. Organic Moisturising and Anti-Stretch Mark Body Oil<\/strong><br \/>\nFinish your routine with an organic, moisturising and brightening body oil enriched with glutathione, lemon and vitamin C. It leaves the skin supple, radiant and more even-toned while helping to prevent the signs of ageing.<\/p>\n<ul class=\"marker:text-quiet list-disc\">\n<li class=\"py-0 my-0 prose-p:pt-0 prose-p:mb-2 prose-p:my-0 [&amp;&gt;p]:pt-0 [&amp;&gt;p]:mb-2 [&amp;&gt;p]:my-0\">\n<p class=\"my-2 [&amp;+p]:mt-4 [&amp;_strong:has(+br)]:inline-block [&amp;_strong:has(+br)]:pb-2\">Brightens and evens out skin tone: helps reduce the appearance of pigmentation spots.<\/p>\n<\/li>\n<li class=\"py-0 my-0 prose-p:pt-0 prose-p:mb-2 prose-p:my-0 [&amp;&gt;p]:pt-0 [&amp;&gt;p]:mb-2 [&amp;&gt;p]:my-0\">\n<p class=\"my-2 [&amp;+p]:mt-4 [&amp;_strong:has(+br)]:inline-block [&amp;_strong:has(+br)]:pb-2\">Deep hydration: intensely nourishes for soft, supple and comfortable skin.<\/p>\n<\/li>\n<li class=\"py-0 my-0 prose-p:pt-0 prose-p:mb-2 prose-p:my-0 [&amp;&gt;p]:pt-0 [&amp;&gt;p]:mb-2 [&amp;&gt;p]:my-0\">\n<p class=\"my-2 [&amp;+p]:mt-4 [&amp;_strong:has(+br)]:inline-block [&amp;_strong:has(+br)]:pb-2\">Anti-ageing action: glutathione combats free radicals responsible for premature ageing.<\/p>\n<\/li>\n<li class=\"py-0 my-0 prose-p:pt-0 prose-p:mb-2 prose-p:my-0 [&amp;&gt;p]:pt-0 [&amp;&gt;p]:mb-2 [&amp;&gt;p]:my-0\">\n<p class=\"my-2 [&amp;+p]:mt-4 [&amp;_strong:has(+br)]:inline-block [&amp;_strong:has(+br)]:pb-2\">Strengthens the skin barrier: vitamin C stimulates collagen production.<\/p>\n<\/li>\n<li class=\"py-0 my-0 prose-p:pt-0 prose-p:mb-2 prose-p:my-0 [&amp;&gt;p]:pt-0 [&amp;&gt;p]:mb-2 [&amp;&gt;p]:my-0\">\n<p class=\"my-2 [&amp;+p]:mt-4 [&amp;_strong:has(+br)]:inline-block [&amp;_strong:has(+br)]:pb-2\">Light, non-greasy texture: absorbs quickly without leaving a sticky film.<\/p>\n<\/li>\n<\/ul>\n<hr class=\"bg-subtle h-px border-0\">\n<h2 class=\"mb-2 mt-4 [.has-inline-images_&amp;]:clear-end font-sans visRefresh2026AnswerSerif:font-editorial font-semimedium visRefresh2026Fonts:font-bold text-base first:mt-0\">R\u00e9sultats que vous pouvez attendre<\/h2>\n<p class=\"my-2 [&amp;+p]:mt-4 [&amp;_strong:has(+br)]:inline-block [&amp;_strong:has(+br)]:pb-2\">With regular use of your <strong>Belle Nubian exfoliation routine:<\/strong><\/p>\n<ul class=\"marker:text-quiet list-disc\">\n<li class=\"py-0 my-0 prose-p:pt-0 prose-p:mb-2 prose-p:my-0 [&amp;&gt;p]:pt-0 [&amp;&gt;p]:mb-2 [&amp;&gt;p]:my-0\">\n<p class=\"my-2 [&amp;+p]:mt-4 [&amp;_strong:has(+br)]:inline-block [&amp;_strong:has(+br)]:pb-2\">Immediately smoother, softer and silkier skin.<\/p>\n<\/li>\n<li class=\"py-0 my-0 prose-p:pt-0 prose-p:mb-2 prose-p:my-0 [&amp;&gt;p]:pt-0 [&amp;&gt;p]:mb-2 [&amp;&gt;p]:my-0\">\n<p class=\"my-2 [&amp;+p]:mt-4 [&amp;_strong:has(+br)]:inline-block [&amp;_strong:has(+br)]:pb-2\">Refined skin texture, fewer ingrown hairs and strawberry legs.<\/p>\n<\/li>\n<li class=\"py-0 my-0 prose-p:pt-0 prose-p:mb-2 prose-p:my-0 [&amp;&gt;p]:pt-0 [&amp;&gt;p]:mb-2 [&amp;&gt;p]:my-0\">\n<p class=\"my-2 [&amp;+p]:mt-4 [&amp;_strong:has(+br)]:inline-block [&amp;_strong:has(+br)]:pb-2\">Gradually more even and luminous complexion.<\/p>\n<\/li>\n<li class=\"py-0 my-0 prose-p:pt-0 prose-p:mb-2 prose-p:my-0 [&amp;&gt;p]:pt-0 [&amp;&gt;p]:mb-2 [&amp;&gt;p]:my-0\">\n<p class=\"my-2 [&amp;+p]:mt-4 [&amp;_strong:has(+br)]:inline-block [&amp;_strong:has(+br)]:pb-2\">Better hydrated, plumper and visibly nourished skin.<\/p>\n<\/li>\n<\/ul>\n<hr class=\"bg-subtle h-px border-0\">\n<h2 class=\"mb-2 mt-4 [.has-inline-images_&amp;]:clear-end font-sans visRefresh2026AnswerSerif:font-editorial font-semimedium visRefresh2026Fonts:font-bold text-base first:mt-0\">How to use the Belle Nubian Body Scrub Kit ?<\/h2>\n<p class=\"my-2 [&amp;+p]:mt-4 [&amp;_strong:has(+br)]:inline-block [&amp;_strong:has(+br)]:pb-2\"><strong>Step 1 \u2013 Exfoliate with the hammam glove<\/strong><br \/>\nIn the shower, on damp skin, rub the hammam exfoliating glove all over your body using circular movements, paying particular attention to rough areas (knees, elbows, buttocks, legs).<\/p>\n<p class=\"my-2 [&amp;+p]:mt-4 [&amp;_strong:has(+br)]:inline-block [&amp;_strong:has(+br)]:pb-2\">Step 2 \u2013 Exfoliate with the Lemon &amp; Turmeric Scrub<br \/>\nApply a small amount of scrub to the palm of your hand or directly onto the glove. Gently massage the desired areas (legs, arms, buttocks, back, etc.) using circular movements, then rinse thoroughly with warm water. <\/p>\n<p class=\"my-2 [&amp;+p]:mt-4 [&amp;_strong:has(+br)]:inline-block [&amp;_strong:has(+br)]:pb-2\">Step 3 \u2013 Enhance with organic body oil<br \/>\nApply the body oil to clean, slightly damp skin all over your body. Massage until completely absorbed, paying particular attention to areas prone to blemishes, stretch marks or dryness. Use morning and\/or evening for optimal results.  <\/p>\n<p class=\"my-2 [&amp;+p]:mt-4 [&amp;_strong:has(+br)]:inline-block [&amp;_strong:has(+br)]:pb-2\"><strong>Recommended frequency:<\/strong><\/p>\n<ul class=\"marker:text-quiet list-disc\">\n<li class=\"py-0 my-0 prose-p:pt-0 prose-p:mb-2 prose-p:my-0 [&amp;&gt;p]:pt-0 [&amp;&gt;p]:mb-2 [&amp;&gt;p]:my-0\">\n<p class=\"my-2 [&amp;+p]:mt-4 [&amp;_strong:has(+br)]:inline-block [&amp;_strong:has(+br)]:pb-2\">Glove + scrub: 1 to 3 times a week depending on your skin&#8217;s sensitivity.<\/p>\n<\/li>\n<li class=\"py-0 my-0 prose-p:pt-0 prose-p:mb-2 prose-p:my-0 [&amp;&gt;p]:pt-0 [&amp;&gt;p]:mb-2 [&amp;&gt;p]:my-0\">\n<p class=\"my-2 [&amp;+p]:mt-4 [&amp;_strong:has(+br)]:inline-block [&amp;_strong:has(+br)]:pb-2\">Body oil: every day, morning and evening.<\/p>\n<\/li>\n<\/ul>\n<hr class=\"bg-subtle h-px border-0\">\n<h2 class=\"mb-2 mt-4 [.has-inline-images_&amp;]:clear-end font-sans visRefresh2026AnswerSerif:font-editorial font-semimedium visRefresh2026Fonts:font-bold text-base first:mt-0\">Who is this kit intended for?<\/h2>\n<ul class=\"marker:text-quiet list-disc\">\n<li class=\"py-0 my-0 prose-p:pt-0 prose-p:mb-2 prose-p:my-0 [&amp;&gt;p]:pt-0 [&amp;&gt;p]:mb-2 [&amp;&gt;p]:my-0\">\n<p class=\"my-2 [&amp;+p]:mt-4 [&amp;_strong:has(+br)]:inline-block [&amp;_strong:has(+br)]:pb-2\">Dull, rough or dehydrated skin.<\/p>\n<\/li>\n<li class=\"py-0 my-0 prose-p:pt-0 prose-p:mb-2 prose-p:my-0 [&amp;&gt;p]:pt-0 [&amp;&gt;p]:mb-2 [&amp;&gt;p]:my-0\">\n<p class=\"my-2 [&amp;+p]:mt-4 [&amp;_strong:has(+br)]:inline-block [&amp;_strong:has(+br)]:pb-2\">People prone to brown spots on the body, ingrown hairs, strawberry legs.<\/p>\n<\/li>\n<li class=\"py-0 my-0 prose-p:pt-0 prose-p:mb-2 prose-p:my-0 [&amp;&gt;p]:pt-0 [&amp;&gt;p]:mb-2 [&amp;&gt;p]:my-0\">\n<p class=\"my-2 [&amp;+p]:mt-4 [&amp;_strong:has(+br)]:inline-block [&amp;_strong:has(+br)]:pb-2\">Those who want a complete body routine to prepare the skin before a more intensive brightening or moisturising routine.<\/p>\n<\/li>\n<\/ul>\n<hr class=\"bg-subtle h-px border-0\">\n<h2 class=\"mb-2 mt-4 [.has-inline-images_&amp;]:clear-end font-sans visRefresh2026AnswerSerif:font-editorial font-semimedium visRefresh2026Fonts:font-bold text-base first:mt-0\">Advice &amp; Precautions<\/h2>\n<ul class=\"marker:text-quiet list-disc\">\n<li class=\"py-0 my-0 prose-p:pt-0 prose-p:mb-2 prose-p:my-0 [&amp;&gt;p]:pt-0 [&amp;&gt;p]:mb-2 [&amp;&gt;p]:my-0\">\n<p class=\"my-2 [&amp;+p]:mt-4 [&amp;_strong:has(+br)]:inline-block [&amp;_strong:has(+br)]:pb-2\">For external use only.<\/p>\n<\/li>\n<li class=\"py-0 my-0 prose-p:pt-0 prose-p:mb-2 prose-p:my-0 [&amp;&gt;p]:pt-0 [&amp;&gt;p]:mb-2 [&amp;&gt;p]:my-0\">\n<p class=\"my-2 [&amp;+p]:mt-4 [&amp;_strong:has(+br)]:inline-block [&amp;_strong:has(+br)]:pb-2\">Avoid contact with eyes and mucous membranes.<\/p>\n<\/li>\n<li class=\"py-0 my-0 prose-p:pt-0 prose-p:mb-2 prose-p:my-0 [&amp;&gt;p]:pt-0 [&amp;&gt;p]:mb-2 [&amp;&gt;p]:my-0\">\n<p class=\"my-2 [&amp;+p]:mt-4 [&amp;_strong:has(+br)]:inline-block [&amp;_strong:has(+br)]:pb-2\">Do not use on irritated or broken skin.<\/p>\n<\/li>\n<li class=\"py-0 my-0 prose-p:pt-0 prose-p:mb-2 prose-p:my-0 [&amp;&gt;p]:pt-0 [&amp;&gt;p]:mb-2 [&amp;&gt;p]:my-0\">\n<p class=\"my-2 [&amp;+p]:mt-4 [&amp;_strong:has(+br)]:inline-block [&amp;_strong:has(+br)]:pb-2\">If you have sensitive skin, space out exfoliation sessions and test on a small area first.<\/p>\n<\/li>\n<\/ul>\n<hr class=\"bg-subtle h-px border-0\">\n<h2 class=\"mb-2 mt-4 [.has-inline-images_&amp;]:clear-end font-sans visRefresh2026AnswerSerif:font-editorial font-semimedium visRefresh2026Fonts:font-bold text-base first:mt-0\">Categories<\/h2>\n<ul class=\"marker:text-quiet list-disc\">\n<li class=\"py-0 my-0 prose-p:pt-0 prose-p:mb-2 prose-p:my-0 [&amp;&gt;p]:pt-0 [&amp;&gt;p]:mb-2 [&amp;&gt;p]:my-0\">\n<p class=\"my-2 [&amp;+p]:mt-4 [&amp;_strong:has(+br)]:inline-block [&amp;_strong:has(+br)]:pb-2\">Belle Nubian body scrub kit<\/p>\n<\/li>\n<li class=\"py-0 my-0 prose-p:pt-0 prose-p:mb-2 prose-p:my-0 [&amp;&gt;p]:pt-0 [&amp;&gt;p]:mb-2 [&amp;&gt;p]:my-0\">\n<p class=\"my-2 [&amp;+p]:mt-4 [&amp;_strong:has(+br)]:inline-block [&amp;_strong:has(+br)]:pb-2\">Lemon and turmeric body scrub<\/p>\n<\/li>\n<li class=\"py-0 my-0 prose-p:pt-0 prose-p:mb-2 prose-p:my-0 [&amp;&gt;p]:pt-0 [&amp;&gt;p]:mb-2 [&amp;&gt;p]:my-0\">\n<p class=\"my-2 [&amp;+p]:mt-4 [&amp;_strong:has(+br)]:inline-block [&amp;_strong:has(+br)]:pb-2\">Belle Nubian Hammam Exfoliating Glove<\/p>\n<\/li>\n<li class=\"py-0 my-0 prose-p:pt-0 prose-p:mb-2 prose-p:my-0 [&amp;&gt;p]:pt-0 [&amp;&gt;p]:mb-2 [&amp;&gt;p]:my-0\">\n<p class=\"my-2 [&amp;+p]:mt-4 [&amp;_strong:has(+br)]:inline-block [&amp;_strong:has(+br)]:pb-2\">Organic moisturising and brightening body oil<\/p>\n<\/li>\n<li class=\"py-0 my-0 prose-p:pt-0 prose-p:mb-2 prose-p:my-0 [&amp;&gt;p]:pt-0 [&amp;&gt;p]:mb-2 [&amp;&gt;p]:my-0\">\n<p class=\"my-2 [&amp;+p]:mt-4 [&amp;_strong:has(+br)]:inline-block [&amp;_strong:has(+br)]:pb-2\">Anti-blemish body routine<\/p>\n<\/li>\n<li class=\"py-0 my-0 prose-p:pt-0 prose-p:mb-2 prose-p:my-0 [&amp;&gt;p]:pt-0 [&amp;&gt;p]:mb-2 [&amp;&gt;p]:my-0\">\n<p class=\"my-2 [&amp;+p]:mt-4 [&amp;_strong:has(+br)]:inline-block [&amp;_strong:has(+br)]:pb-2\">Strawberry leg scrub \/ ingrown hairs<\/p>\n<\/li>\n<\/ul>\n","protected":false},"excerpt":{"rendered":"<p>Offrez \u00e0 votre peau un rituel complet de gommage et d\u2019hydratation avec le Kit Gommage Belle Nubian : gant exfoliant de hammam, gommage corps citron &amp; curcuma et huile corporelle bio \u00e9claircissante pour une peau lisse, unifi\u00e9e et lumineuse d\u00e8s les premi\u00e8res utilisations.<\/p>\n","protected":false},"featured_media":12063,"comment_status":"open","ping_status":"closed","template":"","meta":{"_kadence_starter_templates_imported_post":false,"_kad_post_transparent":"","_kad_post_title":"","_kad_post_layout":"","_kad_post_sidebar_id":"","_kad_post_content_style":"","_kad_post_vertical_padding":"","_kad_post_feature":"","_kad_post_feature_position":"","_kad_post_header":false,"_kad_post_footer":false,"_kad_post_classname":""},"product_brand":[],"product_cat":[915],"product_tag":[],"class_list":{"0":"post-12703","1":"product","2":"type-product","3":"status-publish","4":"has-post-thumbnail","6":"product_cat-routine","8":"first","9":"instock","10":"taxable","11":"shipping-taxable","12":"purchasable","13":"product-type-simple","14":"entry","15":"content-bg","16":"loop-entry"},"aioseo_notices":[],"jetpack_sharing_enabled":true,"_links":{"self":[{"href":"https:\/\/bellenubiancanada.com\/en\/wp-json\/wp\/v2\/product\/12703","targetHints":{"allow":["GET"]}}],"collection":[{"href":"https:\/\/bellenubiancanada.com\/en\/wp-json\/wp\/v2\/product"}],"about":[{"href":"https:\/\/bellenubiancanada.com\/en\/wp-json\/wp\/v2\/types\/product"}],"replies":[{"embeddable":true,"href":"https:\/\/bellenubiancanada.com\/en\/wp-json\/wp\/v2\/comments?post=12703"}],"version-history":[{"count":0,"href":"https:\/\/bellenubiancanada.com\/en\/wp-json\/wp\/v2\/product\/12703\/revisions"}],"wp:featuredmedia":[{"embeddable":true,"href":"https:\/\/bellenubiancanada.com\/en\/wp-json\/wp\/v2\/media\/12063"}],"wp:attachment":[{"href":"https:\/\/bellenubiancanada.com\/en\/wp-json\/wp\/v2\/media?parent=12703"}],"wp:term":[{"taxonomy":"product_brand","embeddable":true,"href":"https:\/\/bellenubiancanada.com\/en\/wp-json\/wp\/v2\/product_brand?post=12703"},{"taxonomy":"product_cat","embeddable":true,"href":"https:\/\/bellenubiancanada.com\/en\/wp-json\/wp\/v2\/product_cat?post=12703"},{"taxonomy":"product_tag","embeddable":true,"href":"https:\/\/bellenubiancanada.com\/en\/wp-json\/wp\/v2\/product_tag?post=12703"}],"curies":[{"name":"wp","href":"https:\/\/api.w.org\/{rel}","templated":true}]}}