{"id":12706,"date":"2026-02-11T19:22:26","date_gmt":"2026-02-11T19:22:26","guid":{"rendered":"https:\/\/bellenubiancanada.com\/produit\/glow-nubian-vitamin-c-and-collagen-pills-3-bottles\/"},"modified":"2026-02-11T19:22:26","modified_gmt":"2026-02-11T19:22:26","slug":"glow-nubian-vitamin-c-and-collagen-pills-3-bottles","status":"publish","type":"product","link":"https:\/\/bellenubiancanada.com\/en\/product\/glow-nubian-vitamin-c-and-collagen-pills-3-bottles\/","title":{"rendered":"Glow Nubian Vitamin C and Collagen Pills &#8211; 3 BOTTLES"},"content":{"rendered":"<p>This set is for our beauties looking to lighten their skin by at least 2 to 4 shades. On average, 4 to 8 treatments are required, depending on the desired results. This ultimate organic pill has been designed to effectively promote skin lightening by inhibiting the production of skin pigments (melanin).  <\/p>\n<p>MUST BE TAKEN WITH NUBIAN GLOW PILLS.<\/p>\n<p>Directions:<br \/>\nTake (2) Glow Nubian tablets and (1) vitamin C tablet TWICE daily; once before breakfast and once before dinner.<\/p>\n<p>Visible results in just 3 to 6 weeks with continuous use.<\/p>\n<p>Main ingredients:<br \/>\nGlutathione, vitamins C and E, collagen, kojic acid<\/p>\n<p>Notes:<br \/>\nKeep out of reach of children. As with all supplements, pregnant and breastfeeding women should consult their doctor. <\/p>\n","protected":false},"excerpt":{"rendered":"<p>Cet ensemble est pour notre Belles cherchent \u00e0 \u00e9claircir au moins 2 \u00e0 4 nuances plus claires. En moyenne, il faut compter 4 \u00e0 8 traitements selon les r\u00e9sultats souhait\u00e9s. \u00c8meCette pilule biologique ultime a \u00e9t\u00e9 con\u00e7ue pour favoriser efficacement l\u2019\u00e9claircissement de la peau gr\u00e2ce \u00e0 l\u2019inhibition de la production de pigments cutan\u00e9s (m\u00e9lanine)  <\/p>\n","protected":false},"featured_media":12179,"comment_status":"open","ping_status":"closed","template":"","meta":{"_kadence_starter_templates_imported_post":false,"_kad_post_transparent":"","_kad_post_title":"","_kad_post_layout":"","_kad_post_sidebar_id":"","_kad_post_content_style":"","_kad_post_vertical_padding":"","_kad_post_feature":"","_kad_post_feature_position":"","_kad_post_header":false,"_kad_post_footer":false,"_kad_post_classname":""},"product_brand":[],"product_cat":[281],"product_tag":[],"class_list":{"0":"post-12706","1":"product","2":"type-product","3":"status-publish","4":"has-post-thumbnail","6":"product_cat-ranges-and-sets","8":"first","9":"instock","10":"taxable","11":"shipping-taxable","12":"purchasable","13":"product-type-simple","14":"entry","15":"content-bg","16":"loop-entry"},"aioseo_notices":[],"jetpack_sharing_enabled":true,"_links":{"self":[{"href":"https:\/\/bellenubiancanada.com\/en\/wp-json\/wp\/v2\/product\/12706","targetHints":{"allow":["GET"]}}],"collection":[{"href":"https:\/\/bellenubiancanada.com\/en\/wp-json\/wp\/v2\/product"}],"about":[{"href":"https:\/\/bellenubiancanada.com\/en\/wp-json\/wp\/v2\/types\/product"}],"replies":[{"embeddable":true,"href":"https:\/\/bellenubiancanada.com\/en\/wp-json\/wp\/v2\/comments?post=12706"}],"version-history":[{"count":0,"href":"https:\/\/bellenubiancanada.com\/en\/wp-json\/wp\/v2\/product\/12706\/revisions"}],"wp:featuredmedia":[{"embeddable":true,"href":"https:\/\/bellenubiancanada.com\/en\/wp-json\/wp\/v2\/media\/12179"}],"wp:attachment":[{"href":"https:\/\/bellenubiancanada.com\/en\/wp-json\/wp\/v2\/media?parent=12706"}],"wp:term":[{"taxonomy":"product_brand","embeddable":true,"href":"https:\/\/bellenubiancanada.com\/en\/wp-json\/wp\/v2\/product_brand?post=12706"},{"taxonomy":"product_cat","embeddable":true,"href":"https:\/\/bellenubiancanada.com\/en\/wp-json\/wp\/v2\/product_cat?post=12706"},{"taxonomy":"product_tag","embeddable":true,"href":"https:\/\/bellenubiancanada.com\/en\/wp-json\/wp\/v2\/product_tag?post=12706"}],"curies":[{"name":"wp","href":"https:\/\/api.w.org\/{rel}","templated":true}]}}