{"id":12773,"date":"2026-01-17T17:50:08","date_gmt":"2026-01-17T17:50:08","guid":{"rendered":"https:\/\/bellenubiancanada.com\/produit\/ultimate-organic-gluta-2000mg\/"},"modified":"2026-01-17T17:50:08","modified_gmt":"2026-01-17T17:50:08","slug":"ultimate-organic-gluta-2000mg","status":"publish","type":"product","link":"https:\/\/bellenubiancanada.com\/en\/product\/ultimate-organic-gluta-2000mg\/","title":{"rendered":"ULTIMATE ORGANIC GLUTA (2000mg)"},"content":{"rendered":"<p>Ultimate Organic Pills are for our beauties looking to lighten at least 1 to 3 shades. This set helps to brighten, unify and lighten your complexion. On average, it should take 4 to 8 treatments depending on the desired results.<\/p>\n<p>Avantages:<br \/>\nR\u00e9duit l&#8217;apparence des vergetures, anti-\u00e2ge, peau plus claire et plus claire, aide avec le m\u00e9lasma,<\/p>\n<p>Directions:<br \/>\nSHOULD NOT BE TAKEN WITHOUT VITAMIN C TABLETS.<\/p>\n<p>Prenez (2) comprim\u00e9s de Gluta et (1) comprim\u00e9 de Vitamine C DEUX FOIS par jour ; une fois avant le petit d\u00e9jeuner et une fois avant le d\u00eener.<\/p>\n<p>Visible results in as little as 3 to 6 weeks with continued use.<\/p>\n<p>Main ingredients:<br \/>\nGlutathione, Vitamins C &amp; E, Collagen<\/p>\n<p>Notes:<br \/>\n60 pills in each bottle. Keep out of reach of children. SHOULD BE COMBINED WITH VITAMIN C PILLS FOR BEST RESULTS.<\/p>\n<p>Les Ultimate Organic Pills sont destin\u00e9es \u00e0 nos Belles qui cherchent \u00e0 \u00e9claircir au moins 1 \u00e0 3 nuances. This set helps to brighten, unify and lighten your complexion. On average, should take 4-8 treatments depending on desired results.<\/p>\n<p>Benefits:<br \/>\nReduces the appearance of stretch marks, anti-ageing, clearer and brighter skin, helps with melasma.<\/p>\n<p>Directions:<br \/>\nTake (2) tablets of Gluta and (1) tablet of vitamin C TWICE daily; once before breakfast and once before dinner.<\/p>\n<p>Results visible in as little as 3 to 6 weeks with continuous use.<\/p>\n<p>Main ingredients:<br \/>\nGlutathione, Vitamins C &amp; E, Collagen<\/p>\n<p>Notes:<br \/>\n60 tablets in each bottle. Keep out of reach of children. SHOULD BE COMBINED WITH VITAMIN C PILLS FOR BEST RESULTS.<\/p>\n","protected":false},"excerpt":{"rendered":"<p>Ultimate Organic Pills are for our beauties looking to lighten at least 1 to 3 shades. This set helps to brighten, unify and lighten your complexion. On average, it should take 4 to 8 treatments depending on the desired results.<\/p>\n","protected":false},"featured_media":11533,"comment_status":"open","ping_status":"closed","template":"","meta":{"_kadence_starter_templates_imported_post":false,"_kad_post_transparent":"","_kad_post_title":"","_kad_post_layout":"","_kad_post_sidebar_id":"","_kad_post_content_style":"","_kad_post_vertical_padding":"","_kad_post_feature":"","_kad_post_feature_position":"","_kad_post_header":false,"_kad_post_footer":false,"_kad_post_classname":""},"product_brand":[],"product_cat":[908,265],"product_tag":[],"class_list":{"0":"post-12773","1":"product","2":"type-product","3":"status-publish","4":"has-post-thumbnail","6":"product_cat-skin-lightening-pills","7":"product_cat-store","9":"first","10":"instock","11":"taxable","12":"shipping-taxable","13":"purchasable","14":"product-type-simple","15":"entry","16":"content-bg","17":"loop-entry"},"aioseo_notices":[],"jetpack_sharing_enabled":true,"_links":{"self":[{"href":"https:\/\/bellenubiancanada.com\/en\/wp-json\/wp\/v2\/product\/12773","targetHints":{"allow":["GET"]}}],"collection":[{"href":"https:\/\/bellenubiancanada.com\/en\/wp-json\/wp\/v2\/product"}],"about":[{"href":"https:\/\/bellenubiancanada.com\/en\/wp-json\/wp\/v2\/types\/product"}],"replies":[{"embeddable":true,"href":"https:\/\/bellenubiancanada.com\/en\/wp-json\/wp\/v2\/comments?post=12773"}],"version-history":[{"count":0,"href":"https:\/\/bellenubiancanada.com\/en\/wp-json\/wp\/v2\/product\/12773\/revisions"}],"wp:featuredmedia":[{"embeddable":true,"href":"https:\/\/bellenubiancanada.com\/en\/wp-json\/wp\/v2\/media\/11533"}],"wp:attachment":[{"href":"https:\/\/bellenubiancanada.com\/en\/wp-json\/wp\/v2\/media?parent=12773"}],"wp:term":[{"taxonomy":"product_brand","embeddable":true,"href":"https:\/\/bellenubiancanada.com\/en\/wp-json\/wp\/v2\/product_brand?post=12773"},{"taxonomy":"product_cat","embeddable":true,"href":"https:\/\/bellenubiancanada.com\/en\/wp-json\/wp\/v2\/product_cat?post=12773"},{"taxonomy":"product_tag","embeddable":true,"href":"https:\/\/bellenubiancanada.com\/en\/wp-json\/wp\/v2\/product_tag?post=12773"}],"curies":[{"name":"wp","href":"https:\/\/api.w.org\/{rel}","templated":true}]}}