{"id":12834,"date":"2024-11-13T14:14:10","date_gmt":"2024-11-13T14:14:10","guid":{"rendered":"https:\/\/bellenubiancanada.com\/produit\/natural-glow-caramel-set\/"},"modified":"2024-11-13T14:14:10","modified_gmt":"2024-11-13T14:14:10","slug":"natural-glow-caramel-set","status":"publish","type":"product","link":"https:\/\/bellenubiancanada.com\/en\/product\/natural-glow-caramel-set\/","title":{"rendered":"NATURAL GLOW CARAMEL SET"},"content":{"rendered":"<p><strong>NATURAL GLOW CARAMEL GIFT SET<\/strong><\/p>\n<p>This set is designed for our beauties with caramel or dark complexions who want to enhance their skin with a natural glow while preserving their current colour. This set helps to brighten, even out and purify the complexion without lightening it. <\/p>\n<h3>Contents of the Set:<\/h3>\n<ul>\n<li>1 x Caramel Lotion<\/li>\n<li>1 x Booster<\/li>\n<li>1 x Day Cream<\/li>\n<li>1 x Night Cream<\/li>\n<li>1 x Belle Nubian Serum<\/li>\n<li>1 x Black Soap<\/li>\n<\/ul>\n<h3>Mode d\u2019Utilisation :<\/h3>\n<ol>\n<li><strong>Apr\u00e8s la Douche<\/strong> : M\u00e9langez dans un flacon vide la moiti\u00e9 de chaque produit suivant : lotion caramel, booster et s\u00e9rum Belle Nubian. Utilisez ce m\u00e9lange sur le corps chaque jour apr\u00e8s la douche, en utilisant le savon noir pour nettoyer. <\/li>\n<li><strong>Cr\u00e8me de Jour<\/strong> : Appliquez chaque matin apr\u00e8s vos soins tonifiants et l\u2019utilisation de s\u00e9rums visage.<\/li>\n<li>Night Cream: Apply every evening after toners and serums for intense hydration and a night-time glow.<\/li>\n<\/ol>\n<p><em>Ces cr\u00e8mes visage sont destin\u00e9es aux teints caramel ou fonc\u00e9s pour un teint plus lumineux et uniforme sans alt\u00e9rer la couleur naturelle.<\/em><\/p>\n<h3>Main Ingredients:<\/h3>\n<p>Glutathione, Vitamin C, Vitamin E, Collagen, Rosehip, Kojic Acid, Argan Oil<\/p>\n<blockquote><p>Note: Keep out of reach of children.<\/p><\/blockquote>\n","protected":false},"excerpt":{"rendered":"<p><strong>NATURAL GLOW CARAMEL GIFT SET<\/strong><\/p>\n<p>This set is designed for our beauties with caramel or dark complexions who want to enhance their skin with a natural glow while preserving their current colour. This set helps to brighten, even out and purify the complexion without lightening it. <\/p>\n","protected":false},"featured_media":9459,"comment_status":"open","ping_status":"closed","template":"","meta":{"_kadence_starter_templates_imported_post":false,"_kad_post_transparent":"","_kad_post_title":"","_kad_post_layout":"","_kad_post_sidebar_id":"","_kad_post_content_style":"","_kad_post_vertical_padding":"","_kad_post_feature":"","_kad_post_feature_position":"","_kad_post_header":false,"_kad_post_footer":false,"_kad_post_classname":""},"product_brand":[],"product_cat":[309,265],"product_tag":[],"class_list":{"0":"post-12834","1":"product","2":"type-product","3":"status-publish","4":"has-post-thumbnail","6":"product_cat-caramel-complexion","7":"product_cat-store","9":"first","10":"instock","11":"taxable","12":"shipping-taxable","13":"purchasable","14":"product-type-simple","15":"entry","16":"content-bg","17":"loop-entry"},"aioseo_notices":[],"jetpack_sharing_enabled":true,"_links":{"self":[{"href":"https:\/\/bellenubiancanada.com\/en\/wp-json\/wp\/v2\/product\/12834","targetHints":{"allow":["GET"]}}],"collection":[{"href":"https:\/\/bellenubiancanada.com\/en\/wp-json\/wp\/v2\/product"}],"about":[{"href":"https:\/\/bellenubiancanada.com\/en\/wp-json\/wp\/v2\/types\/product"}],"replies":[{"embeddable":true,"href":"https:\/\/bellenubiancanada.com\/en\/wp-json\/wp\/v2\/comments?post=12834"}],"version-history":[{"count":0,"href":"https:\/\/bellenubiancanada.com\/en\/wp-json\/wp\/v2\/product\/12834\/revisions"}],"wp:featuredmedia":[{"embeddable":true,"href":"https:\/\/bellenubiancanada.com\/en\/wp-json\/wp\/v2\/media\/9459"}],"wp:attachment":[{"href":"https:\/\/bellenubiancanada.com\/en\/wp-json\/wp\/v2\/media?parent=12834"}],"wp:term":[{"taxonomy":"product_brand","embeddable":true,"href":"https:\/\/bellenubiancanada.com\/en\/wp-json\/wp\/v2\/product_brand?post=12834"},{"taxonomy":"product_cat","embeddable":true,"href":"https:\/\/bellenubiancanada.com\/en\/wp-json\/wp\/v2\/product_cat?post=12834"},{"taxonomy":"product_tag","embeddable":true,"href":"https:\/\/bellenubiancanada.com\/en\/wp-json\/wp\/v2\/product_tag?post=12834"}],"curies":[{"name":"wp","href":"https:\/\/api.w.org\/{rel}","templated":true}]}}