{"id":12894,"date":"2023-08-16T16:00:39","date_gmt":"2023-08-16T16:00:39","guid":{"rendered":"https:\/\/bellenubiancanada.com\/produit\/new-apple-cider-vinegar-gummies-for-weight-loss\/"},"modified":"2023-08-16T16:00:39","modified_gmt":"2023-08-16T16:00:39","slug":"new-apple-cider-vinegar-gummies-for-weight-loss","status":"publish","type":"product","link":"https:\/\/bellenubiancanada.com\/en\/product\/new-apple-cider-vinegar-gummies-for-weight-loss\/","title":{"rendered":"NEW APPLE CIDER VINEGAR GUMMIES (FOR WEIGHT LOSS)"},"content":{"rendered":"<p>Discover our detoxifying and purifying apple cider vinegar gummies, a powerful solution to help reduce appetite and curb body fat production. Our gummies are designed to offer you a convenient and enjoyable way to incorporate apple cider vinegar into your daily routine, boosting your weight loss journey! <\/p>\n<p>Instructions for use:<\/p>\n<p>For best results, take two gums per day.<\/p>\n<p>Key ingredients:<br \/>\n&#8211; Apple cider vinegar<br \/>\n&#8211; Folic acid<br \/>\n&#8211; Vitamins B6 and B12<\/p>\n<p>Advice:<br \/>\nBefore use, pregnant women are advised to consult a healthcare professional. Keep this product out of the reach of children. <\/p>\n<p>Please note that results may vary depending on your diet and metabolic balance.<\/p>\n<p>&nbsp;<\/p>\n","protected":false},"excerpt":{"rendered":"<p>Nos gommes sont con\u00e7ues pour vous offrir un moyen pratique et agr\u00e9able d&#8217;int\u00e9grer le vinaigre de cidre de pomme dans votre routine quotidienne, afin de stimuler votre parcours de perte de poids !<\/p>\n","protected":false},"featured_media":7006,"comment_status":"open","ping_status":"closed","template":"","meta":{"_kadence_starter_templates_imported_post":false,"_kad_post_transparent":"","_kad_post_title":"","_kad_post_layout":"","_kad_post_sidebar_id":"","_kad_post_content_style":"","_kad_post_vertical_padding":"","_kad_post_feature":"","_kad_post_feature_position":"","_kad_post_header":false,"_kad_post_footer":false,"_kad_post_classname":""},"product_brand":[],"product_cat":[917,290,266],"product_tag":[],"class_list":{"0":"post-12894","1":"product","2":"type-product","3":"status-publish","4":"has-post-thumbnail","6":"product_cat-dietary-products-and-slimming-supplements","7":"product_cat-lightening-pills","8":"product_cat-our-best-sellers","10":"first","11":"instock","12":"taxable","13":"shipping-taxable","14":"purchasable","15":"product-type-simple","16":"entry","17":"content-bg","18":"loop-entry"},"aioseo_notices":[],"jetpack_sharing_enabled":true,"_links":{"self":[{"href":"https:\/\/bellenubiancanada.com\/en\/wp-json\/wp\/v2\/product\/12894","targetHints":{"allow":["GET"]}}],"collection":[{"href":"https:\/\/bellenubiancanada.com\/en\/wp-json\/wp\/v2\/product"}],"about":[{"href":"https:\/\/bellenubiancanada.com\/en\/wp-json\/wp\/v2\/types\/product"}],"replies":[{"embeddable":true,"href":"https:\/\/bellenubiancanada.com\/en\/wp-json\/wp\/v2\/comments?post=12894"}],"version-history":[{"count":0,"href":"https:\/\/bellenubiancanada.com\/en\/wp-json\/wp\/v2\/product\/12894\/revisions"}],"wp:featuredmedia":[{"embeddable":true,"href":"https:\/\/bellenubiancanada.com\/en\/wp-json\/wp\/v2\/media\/7006"}],"wp:attachment":[{"href":"https:\/\/bellenubiancanada.com\/en\/wp-json\/wp\/v2\/media?parent=12894"}],"wp:term":[{"taxonomy":"product_brand","embeddable":true,"href":"https:\/\/bellenubiancanada.com\/en\/wp-json\/wp\/v2\/product_brand?post=12894"},{"taxonomy":"product_cat","embeddable":true,"href":"https:\/\/bellenubiancanada.com\/en\/wp-json\/wp\/v2\/product_cat?post=12894"},{"taxonomy":"product_tag","embeddable":true,"href":"https:\/\/bellenubiancanada.com\/en\/wp-json\/wp\/v2\/product_tag?post=12894"}],"curies":[{"name":"wp","href":"https:\/\/api.w.org\/{rel}","templated":true}]}}